{"id":152,"date":"2023-05-27T09:05:35","date_gmt":"2023-05-27T09:05:35","guid":{"rendered":"https:\/\/leuther-muehle.de\/?page_id=152"},"modified":"2023-05-27T09:08:53","modified_gmt":"2023-05-27T09:08:53","slug":"verpflegung","status":"publish","type":"page","link":"https:\/\/leuther-muehle.de\/en\/verpflegung\/","title":{"rendered":"Verpflegung"},"content":{"rendered":"\n[et_pb_section fb_built=&#8220;1&#8243; admin_label=&#8220;Sektion Keyvisual&#8220; _builder_version=&#8220;4.20.2&#8243; _module_preset=&#8220;default&#8220; custom_padding=&#8220;0px||0px||true|false&#8220; global_colors_info=&#8220;{}&#8220; theme_builder_area=&#8220;post_content&#8220;][et_pb_row _builder_version=&#8220;4.20.2&#8243; _module_preset=&#8220;default&#8220; width=&#8220;100%&#8220; max_width=&#8220;100%&#8220; custom_padding=&#8220;0px||0px||true|false&#8220; global_colors_info=&#8220;{}&#8220; theme_builder_area=&#8220;post_content&#8220;][et_pb_column type=&#8220;4_4&#8243; _builder_version=&#8220;4.20.2&#8243; _module_preset=&#8220;default&#8220; global_colors_info=&#8220;{}&#8220; theme_builder_area=&#8220;post_content&#8220;][et_pb_image src=&#8220;https:\/\/leuther-muehle.de\/wp-content\/uploads\/2023\/05\/Seminar-Verpflegung-Dsktp.jpg&#8220; alt=&#8220;Seminar Verpflegung&#8220; title_text=&#8220;Seminar Verpflegung&#8220; force_fullwidth=&#8220;on&#8220; _builder_version=&#8220;4.21.0&#8243; _module_preset=&#8220;default&#8220; hover_enabled=&#8220;0&#8243; global_colors_info=&#8220;{}&#8220; theme_builder_area=&#8220;post_content&#8220; src_last_edited=&#8220;on|phone&#8220; sticky_enabled=&#8220;0&#8243; src_tablet=&#8220;https:\/\/leuther-muehle.de\/wp-content\/uploads\/2023\/05\/Seminar-Verpflegung-mobil.jpg&#8220; src_phone=&#8220;https:\/\/leuther-muehle.de\/wp-content\/uploads\/2023\/05\/Seminar-Verpflegung-mobil.jpg&#8220;][\/et_pb_image][\/et_pb_column][\/et_pb_row][\/et_pb_section][et_pb_section fb_built=&#8220;1&#8243; admin_label=&#8220;Sektion WIllkommen&#8220; _builder_version=&#8220;4.20.2&#8243; _module_preset=&#8220;default&#8220; global_colors_info=&#8220;{}&#8220; theme_builder_area=&#8220;post_content&#8220;][et_pb_row _builder_version=&#8220;4.20.2&#8243; _module_preset=&#8220;default&#8220; global_colors_info=&#8220;{}&#8220; theme_builder_area=&#8220;post_content&#8220;][et_pb_column type=&#8220;4_4&#8243; _builder_version=&#8220;4.20.2&#8243; _module_preset=&#8220;default&#8220; global_colors_info=&#8220;{}&#8220; theme_builder_area=&#8220;post_content&#8220;][et_pb_text _builder_version=&#8220;4.21.0&#8243; _module_preset=&#8220;default&#8220; hover_enabled=&#8220;0&#8243; global_colors_info=&#8220;{}&#8220; theme_builder_area=&#8220;post_content&#8220; sticky_enabled=&#8220;0&#8243; custom_margin=&#8220;||10px||false|false&#8220;]<h1>Mehr als nur Verpflegung &#8211; Unsere Seminarhausk\u00fcche<\/h1>\n<p>Die K\u00f6chinnen und K\u00f6che unseres Seminarhauses verw\u00f6hnen Sie w\u00e4hrend Ihres Aufenthaltes bei uns mit jahreszeitgem\u00e4\u00dfer Frischek\u00fcche aus der Region ebenso wie mit feinen Gerichten der s\u00fcdeurop\u00e4ischem und asiatischen K\u00fcche. Unsere verwendeten Lenbensmittel stammen m\u00f6glichst aus biologischem Anbau. Uns ist es dabei ein Anliegen, Ihnen eine kreative Vielfalt und ein hohes Genusserleben mit vegetarischen und veganen Gerichten bieten zu k\u00f6nnen. Gegen Aufpreis bieten wir auch Gerichte mit Fleisch und Fisch aus artgerechter Tierhaltung bzw. Wildfang an. Bitte sprechen Sie uns rechtzeitig an, falls Sie an Lebensmittelunvertr\u00e4glichkeiten leiden. Unsere K\u00fcche kann sie dann in die Men\u00fcplanung miteinbeziehen.<\/p>\n<p>Unsere Seminarverpflegung beinhaltet drei Mahlzeiten t\u00e4glich sowie ganztags verschiedene Schwarz-, Gr\u00fcn-, Kr\u00e4uter- und Fr\u00fcchtetees. Kaffeespezialit\u00e4ten und andere Getr\u00e4nke wie Softdrinks k\u00f6nnen Sie zus\u00e4tzlich bei uns k\u00e4uflich erwerben.<\/p>[\/et_pb_text][et_pb_button button_url=&#8220;#formular&#8220; button_text=&#8220;jetzt anfragen!&#8220; _builder_version=&#8220;4.20.4&#8243; _module_preset=&#8220;default&#8220; custom_button=&#8220;on&#8220; button_text_color=&#8220;#FFFFFF&#8220; button_bg_color=&#8220;#9ABA28&#8243; button_border_width=&#8220;0px&#8220; button_border_radius=&#8220;9px&#8220; global_colors_info=&#8220;{}&#8220; theme_builder_area=&#8220;post_content&#8220;][\/et_pb_button][\/et_pb_column][\/et_pb_row][\/et_pb_section][et_pb_section fb_built=&#8220;1&#8243; theme_builder_area=&#8220;post_content&#8220; _builder_version=&#8220;4.21.0&#8243; _module_preset=&#8220;default&#8220; background_color=&#8220;rgba(154,186,40,0.27)&#8220; hover_enabled=&#8220;0&#8243; sticky_enabled=&#8220;0&#8243;][et_pb_row _builder_version=&#8220;4.21.0&#8243; _module_preset=&#8220;default&#8220; theme_builder_area=&#8220;post_content&#8220; column_structure=&#8220;1_3,1_3,1_3&#8243;][et_pb_column _builder_version=&#8220;4.21.0&#8243; _module_preset=&#8220;default&#8220; type=&#8220;1_3&#8243; theme_builder_area=&#8220;post_content&#8220;][et_pb_text _builder_version=&#8220;4.21.0&#8243; _module_preset=&#8220;default&#8220; theme_builder_area=&#8220;post_content&#8220; hover_enabled=&#8220;0&#8243; sticky_enabled=&#8220;0&#8243;]<h2>Fr\u00fchst\u00fcck<\/h2>\n<p>Zum Fr\u00fchst\u00fcck servieren wir Kaffee, verschiedene M\u00fcslis, frisches Obst, hausgemachten Vanillejoghurt, Brot, Br\u00f6tchen, herzhafte und s\u00fc\u00dfe Aufstriche sowie K\u00e4se als Standard.<\/p>\n<p>Hinzu kommen t\u00e4glich ein oder zwei der folgenden Extras: Croissants, Eier, exotische Fr\u00fcchte, warmer Brei etc.<\/p>[\/et_pb_text][\/et_pb_column][et_pb_column _builder_version=&#8220;4.21.0&#8243; _module_preset=&#8220;default&#8220; type=&#8220;1_3&#8243; theme_builder_area=&#8220;post_content&#8220;][et_pb_text _builder_version=&#8220;4.21.0&#8243; _module_preset=&#8220;default&#8220; theme_builder_area=&#8220;post_content&#8220; hover_enabled=&#8220;0&#8243; sticky_enabled=&#8220;0&#8243;]<h2>Mittagessen<\/h2>\n<p>Genie\u00dfen Sie ein Buffet mit kalten und warmen Speisen der feinen vegetarischen K\u00fcche und ein Dessert.<\/p>[\/et_pb_text][\/et_pb_column][et_pb_column _builder_version=&#8220;4.21.0&#8243; _module_preset=&#8220;default&#8220; type=&#8220;1_3&#8243; theme_builder_area=&#8220;post_content&#8220;][et_pb_text _builder_version=&#8220;4.21.0&#8243; _module_preset=&#8220;default&#8220; theme_builder_area=&#8220;post_content&#8220; hover_enabled=&#8220;0&#8243; sticky_enabled=&#8220;0&#8243;]<h2>Abendbrot<\/h2>\n<p>Am Abend wird durch unsere Brotzeit inklusive einer kalten und warmen Speise Ihr kulinarisches Erleben f\u00fcr diesen Tag abgerundet.<\/p>[\/et_pb_text][\/et_pb_column][\/et_pb_row][\/et_pb_section][et_pb_section fb_built=&#8220;1&#8243; admin_label=&#8220;Sektion Anfrage&#8220; module_id=&#8220;formular&#8220; _builder_version=&#8220;4.20.2&#8243; _module_preset=&#8220;default&#8220; global_colors_info=&#8220;{}&#8220; theme_builder_area=&#8220;post_content&#8220;][et_pb_row _builder_version=&#8220;4.20.2&#8243; _module_preset=&#8220;default&#8220; global_colors_info=&#8220;{}&#8220; theme_builder_area=&#8220;post_content&#8220;][et_pb_column type=&#8220;4_4&#8243; _builder_version=&#8220;4.20.2&#8243; _module_preset=&#8220;default&#8220; global_colors_info=&#8220;{}&#8220; theme_builder_area=&#8220;post_content&#8220;][et_pb_text _builder_version=&#8220;4.20.2&#8243; _module_preset=&#8220;default&#8220; global_colors_info=&#8220;{}&#8220; theme_builder_area=&#8220;post_content&#8220;]<h2>Online Anfrage<\/h2>\n<p>Bitte f\u00fcllen Sie alle mit <strong>*<\/strong> gekennzeichneten Felder aus:<\/p>[\/et_pb_text][et_pb_code _builder_version=&#8220;4.20.2&#8243; _module_preset=&#8220;default&#8220; global_colors_info=&#8220;{}&#8220; theme_builder_area=&#8220;post_content&#8220;]\n<div class=\"wpcf7 no-js\" id=\"wpcf7-f12-o1\" lang=\"de-DE\" dir=\"ltr\" data-wpcf7-id=\"12\">\n<div class=\"screen-reader-response\"><p role=\"status\" aria-live=\"polite\" aria-atomic=\"true\"><\/p> <ul><\/ul><\/div>\n<form action=\"\/en\/wp-json\/wp\/v2\/pages\/152#wpcf7-f12-o1\" method=\"post\" class=\"wpcf7-form init wpcf7-acceptance-as-validation\" aria-label=\"Kontaktformular\" novalidate=\"novalidate\" data-status=\"init\">\n<fieldset class=\"hidden-fields-container\"><input type=\"hidden\" name=\"_wpcf7\" value=\"12\" \/><input type=\"hidden\" name=\"_wpcf7_version\" value=\"6.1.5\" \/><input type=\"hidden\" name=\"_wpcf7_locale\" value=\"de_DE\" \/><input type=\"hidden\" name=\"_wpcf7_unit_tag\" value=\"wpcf7-f12-o1\" \/><input type=\"hidden\" name=\"_wpcf7_container_post\" value=\"0\" \/><input type=\"hidden\" name=\"_wpcf7_posted_data_hash\" value=\"\" \/>\n<\/fieldset>\n<p><label> Dein Name*<br \/>\n<span class=\"wpcf7-form-control-wrap\" data-name=\"your-name\"><input size=\"40\" maxlength=\"400\" class=\"wpcf7-form-control wpcf7-text wpcf7-validates-as-required\" autocomplete=\"name\" aria-required=\"true\" aria-invalid=\"false\" value=\"\" type=\"text\" name=\"your-name\" \/><\/span> <\/label>\n<\/p>\n<p><label> Deine E-Mail-Adresse*<br \/>\n<span class=\"wpcf7-form-control-wrap\" data-name=\"your-email\"><input size=\"40\" maxlength=\"400\" class=\"wpcf7-form-control wpcf7-email wpcf7-validates-as-required wpcf7-text wpcf7-validates-as-email\" autocomplete=\"email\" aria-required=\"true\" aria-invalid=\"false\" value=\"\" type=\"email\" name=\"your-email\" \/><\/span> <\/label>\n<\/p>\n<p><label> Deine Telefonnummer (optional)<br \/>\n<span class=\"wpcf7-form-control-wrap\" data-name=\"telefon\"><input size=\"40\" maxlength=\"400\" class=\"wpcf7-form-control wpcf7-tel wpcf7-text wpcf7-validates-as-tel\" autocomplete=\"telefon\" aria-invalid=\"false\" value=\"\" type=\"tel\" name=\"telefon\" \/><\/span> <\/label>\n<\/p>\n<p><label> Betreff*<br \/>\n<span class=\"wpcf7-form-control-wrap\" data-name=\"your-subject\"><input size=\"40\" maxlength=\"400\" class=\"wpcf7-form-control wpcf7-text wpcf7-validates-as-required\" aria-required=\"true\" aria-invalid=\"false\" value=\"\" type=\"text\" name=\"your-subject\" \/><\/span> <\/label>\n<\/p>\n<p><label> Deine Nachricht (optional)<br \/>\n<span class=\"wpcf7-form-control-wrap\" data-name=\"your-message\"><textarea cols=\"40\" rows=\"10\" maxlength=\"2000\" class=\"wpcf7-form-control wpcf7-textarea\" aria-invalid=\"false\" name=\"your-message\"><\/textarea><\/span> <\/label>\n<\/p>\n<p><span class=\"wpcf7-form-control-wrap\" data-name=\"datenschutz\"><span class=\"wpcf7-form-control wpcf7-acceptance\"><span class=\"wpcf7-list-item\"><label><input type=\"checkbox\" name=\"datenschutz\" value=\"1\" aria-invalid=\"false\" \/><span class=\"wpcf7-list-item-label\">Ich habe die <a href=\"\/datenschutz\/\" target=\"_blank\">Datenschutzbestimmungen<\/a> zur Kenntnis genommen. Ich stimme zu, dass meine Angaben und Daten zur Beantwortung meiner Anfrage elektronisch erhoben und gespeichert werden.(Pflichtfeld)<\/span><\/label><\/span><\/span><\/span>\n<\/p>\n<p><button class=\"wpcf7-form-control wpcf7-submit has-spinner et_pb_button et_pb_bg_layout_light\" type=\"submit\" value=\"Senden\">Senden<\/button>\n<\/p><div class=\"wpcf7-response-output\" aria-hidden=\"true\"><\/div>\n<\/form>\n<\/div>\n[\/et_pb_code][\/et_pb_column][\/et_pb_row][\/et_pb_section]\n","protected":false},"excerpt":{"rendered":"<p>Mehr als nur Verpflegung &#8211; Unsere Seminarhausk\u00fcche Die K\u00f6chinnen und K\u00f6che unseres Seminarhauses verw\u00f6hnen Sie w\u00e4hrend Ihres Aufenthaltes bei uns mit jahreszeitgem\u00e4\u00dfer Frischek\u00fcche aus der Region ebenso wie mit feinen Gerichten der s\u00fcdeurop\u00e4ischem und asiatischen K\u00fcche. Unsere verwendeten Lenbensmittel stammen m\u00f6glichst aus biologischem Anbau. Uns ist es dabei ein Anliegen, Ihnen eine kreative Vielfalt und ein hohes Genusserleben mit vegetarischen und veganen Gerichten bieten zu k\u00f6nnen. Gegen Aufpreis bieten wir auch Gerichte mit Fleisch und Fisch aus artgerechter Tierhaltung bzw. Wildfang an. Bitte sprechen Sie uns rechtzeitig an, falls Sie an Lebensmittelunvertr\u00e4glichkeiten leiden. Unsere K\u00fcche kann sie dann in die Men\u00fcplanung miteinbeziehen. Unsere Seminarverpflegung beinhaltet drei Mahlzeiten t\u00e4glich sowie ganztags verschiedene Schwarz-, Gr\u00fcn-, Kr\u00e4uter- und Fr\u00fcchtetees. Kaffeespezialit\u00e4ten und andere Getr\u00e4nke wie Softdrinks k\u00f6nnen Sie zus\u00e4tzlich bei uns k\u00e4uflich erwerben.Fr\u00fchst\u00fcck Zum Fr\u00fchst\u00fcck servieren wir Kaffee, verschiedene M\u00fcslis, frisches Obst, hausgemachten Vanillejoghurt, Brot, Br\u00f6tchen, herzhafte und s\u00fc\u00dfe Aufstriche sowie K\u00e4se als Standard. Hinzu kommen t\u00e4glich ein oder zwei der folgenden Extras: Croissants, Eier, exotische Fr\u00fcchte, warmer Brei etc.Mittagessen Genie\u00dfen Sie ein Buffet mit kalten und warmen Speisen der feinen vegetarischen K\u00fcche und ein Dessert.Abendbrot Am Abend wird durch unsere Brotzeit inklusive einer kalten und warmen Speise Ihr kulinarisches Erleben f\u00fcr diesen Tag [&hellip;]<\/p>\n","protected":false},"author":1,"featured_media":158,"parent":0,"menu_order":0,"comment_status":"closed","ping_status":"closed","template":"","meta":{"_et_pb_use_builder":"on","_et_pb_old_content":"","_et_gb_content_width":"","footnotes":""},"class_list":["post-152","page","type-page","status-publish","has-post-thumbnail","hentry"],"_links":{"self":[{"href":"https:\/\/leuther-muehle.de\/en\/wp-json\/wp\/v2\/pages\/152","targetHints":{"allow":["GET"]}}],"collection":[{"href":"https:\/\/leuther-muehle.de\/en\/wp-json\/wp\/v2\/pages"}],"about":[{"href":"https:\/\/leuther-muehle.de\/en\/wp-json\/wp\/v2\/types\/page"}],"author":[{"embeddable":true,"href":"https:\/\/leuther-muehle.de\/en\/wp-json\/wp\/v2\/users\/1"}],"replies":[{"embeddable":true,"href":"https:\/\/leuther-muehle.de\/en\/wp-json\/wp\/v2\/comments?post=152"}],"version-history":[{"count":4,"href":"https:\/\/leuther-muehle.de\/en\/wp-json\/wp\/v2\/pages\/152\/revisions"}],"predecessor-version":[{"id":161,"href":"https:\/\/leuther-muehle.de\/en\/wp-json\/wp\/v2\/pages\/152\/revisions\/161"}],"wp:featuredmedia":[{"embeddable":true,"href":"https:\/\/leuther-muehle.de\/en\/wp-json\/wp\/v2\/media\/158"}],"wp:attachment":[{"href":"https:\/\/leuther-muehle.de\/en\/wp-json\/wp\/v2\/media?parent=152"}],"curies":[{"name":"wp","href":"https:\/\/api.w.org\/{rel}","templated":true}]}}